{"id":2,"date":"2019-02-15T17:39:01","date_gmt":"2019-02-15T16:39:01","guid":{"rendered":"http:\/\/www.andelskahorauchrastavy.cz\/?page_id=2"},"modified":"2019-02-17T20:06:37","modified_gmt":"2019-02-17T19:06:37","slug":"zkusebni-stranka","status":"publish","type":"page","link":"http:\/\/www.andelskahorauchrastavy.cz\/","title":{"rendered":"V\u00edtejte v And\u011blsk\u00e9 Ho\u0159e"},"content":{"rendered":"\n<p style=\"color:#1d8327\" class=\"has-text-color has-medium-font-size\"><strong>V\u00edtejte v And\u011blsk\u00e9 Ho\u0159e<\/strong><\/p>\n\n\n\n<p>Pouh\u00fdch p\u00e1r kilometr\u016f od Liberce severoz\u00e1padn\u00edm sm\u011brem le\u017e\u00ed na svaz\u00edch okoln\u00edch a zalesn\u011bn\u00fdch vrch\u016f malebn\u00e1 vesni\u010dka And\u011blsk\u00e1 Hora. Jej\u00ed nadmo\u0159sk\u00e1 v\u00fd\u0161ka 320 Metr\u016f se sice nem\u016f\u017ee srovn\u00e1vat s jin\u00fdmi velik\u00e1ny, ale p\u0159esto kouzeln\u00e1 poloha pod Je\u0161t\u011bdsk\u00fdm h\u0159ebenem dodnes vyvol\u00e1 v \u0159ad\u011b n\u00e1v\u0161t\u011bvn\u00edk\u016f vzpom\u00ednky na z\u00e1kout\u00ed nejvy\u0161\u0161\u00edho evropsk\u00e9ho poho\u0159\u00ed. <\/p>\n\n\n\n<p> And\u011blsk\u00e1 Hora nab\u00edz\u00ed vedle kr\u00e1sn\u00fdch p\u0159\u00edrodn\u00edch scen\u00e9ri\u00ed i kus bohat\u00e9 historie. Kdysi obec b\u00fdvala v\u00fdznamn\u00fdm horn\u00edm m\u011bste\u010dkem, pozd\u011bji d\u016fle\u017eit\u00fdm centrem b\u011blen\u00ed l\u00e1tek. Na slavnou minulost st\u00e1le upom\u00edn\u00e1 zdej\u0161\u00ed kostel\u00edk, starobyl\u00e9 d\u0159ev\u011bn\u00e9 domy a drobn\u00e9 c\u00edrkevn\u00ed pam\u00e1tky, na pohnut\u00e9 obdob\u00ed 20. stolet\u00ed poukazuj\u00ed vojensk\u00e9 bunkry v okol\u00ed a pr\u00e1zdn\u00e1 m\u00edsta v prostor\u00e1ch b\u00fdval\u00e9ho h\u0159bitova a nejstar\u0161\u00edho and\u011blohorsk\u00e9ho domu. <\/p>\n\n\n\n<div class=\"wp-block-image\"><figure class=\"aligncenter\"><img loading=\"lazy\" decoding=\"async\" width=\"700\" height=\"519\" src=\"http:\/\/www.andelskahorauchrastavy.cz\/wp-content\/uploads\/2019\/02\/andelska-hora-uvod-2.jpg\" alt=\"\" class=\"wp-image-17\" srcset=\"http:\/\/www.andelskahorauchrastavy.cz\/wp-content\/uploads\/2019\/02\/andelska-hora-uvod-2.jpg 700w, http:\/\/www.andelskahorauchrastavy.cz\/wp-content\/uploads\/2019\/02\/andelska-hora-uvod-2-300x222.jpg 300w\" sizes=\"auto, (max-width: 700px) 100vw, 700px\" \/><figcaption> <\/figcaption><\/figure><\/div>\n\n\n\n<p style=\"text-align:right\"><em><small>Zdroje: KILLI\u00c1N, Jan. And\u011blsk\u00e1 Hora&#8230; z d\u011bjin hornick\u00e9 osady, Chrastava: RECo, 2003.<\/small><\/em><\/p>\n","protected":false},"excerpt":{"rendered":"<p>V\u00edtejte v And\u011blsk\u00e9 Ho\u0159e Pouh\u00fdch p\u00e1r kilometr\u016f od Liberce severoz\u00e1padn\u00edm sm\u011brem le\u017e\u00ed na svaz\u00edch okoln\u00edch a zalesn\u011bn\u00fdch vrch\u016f malebn\u00e1 vesni\u010dka [&hellip;]<\/p>\n","protected":false},"author":1,"featured_media":0,"parent":0,"menu_order":0,"comment_status":"closed","ping_status":"open","template":"","meta":{"_exactmetrics_skip_tracking":false,"_exactmetrics_sitenote_active":false,"_exactmetrics_sitenote_note":"","_exactmetrics_sitenote_category":0,"footnotes":"","_links_to":"","_links_to_target":""},"class_list":["post-2","page","type-page","status-publish","hentry"],"_links":{"self":[{"href":"http:\/\/www.andelskahorauchrastavy.cz\/index.php\/wp-json\/wp\/v2\/pages\/2","targetHints":{"allow":["GET"]}}],"collection":[{"href":"http:\/\/www.andelskahorauchrastavy.cz\/index.php\/wp-json\/wp\/v2\/pages"}],"about":[{"href":"http:\/\/www.andelskahorauchrastavy.cz\/index.php\/wp-json\/wp\/v2\/types\/page"}],"author":[{"embeddable":true,"href":"http:\/\/www.andelskahorauchrastavy.cz\/index.php\/wp-json\/wp\/v2\/users\/1"}],"replies":[{"embeddable":true,"href":"http:\/\/www.andelskahorauchrastavy.cz\/index.php\/wp-json\/wp\/v2\/comments?post=2"}],"version-history":[{"count":11,"href":"http:\/\/www.andelskahorauchrastavy.cz\/index.php\/wp-json\/wp\/v2\/pages\/2\/revisions"}],"predecessor-version":[{"id":622,"href":"http:\/\/www.andelskahorauchrastavy.cz\/index.php\/wp-json\/wp\/v2\/pages\/2\/revisions\/622"}],"wp:attachment":[{"href":"http:\/\/www.andelskahorauchrastavy.cz\/index.php\/wp-json\/wp\/v2\/media?parent=2"}],"curies":[{"name":"wp","href":"https:\/\/api.w.org\/{rel}","templated":true}]}}